{"id":699,"date":"2022-10-07T13:07:10","date_gmt":"2022-10-07T11:07:10","guid":{"rendered":"https:\/\/nktec.es\/clients"},"modified":"2023-02-17T13:43:30","modified_gmt":"2023-02-17T11:43:30","slug":"portal-clientes","status":"publish","type":"page","link":"https:\/\/nktec.es\/en\/portal-clientes\/","title":{"rendered":"Portal de clientes"},"content":{"rendered":"<div data-elementor-type=\"wp-page\" data-elementor-id=\"699\" class=\"elementor elementor-699\">\n\t\t\t\t\t\t\t\t\t<section class=\"elementor-section elementor-top-section elementor-element elementor-element-5d45116b elementor-section-full_width elementor-section-stretched elementor-section-height-default elementor-section-height-default\" data-id=\"5d45116b\" data-element_type=\"section\" data-settings=\"{&quot;background_background&quot;:&quot;classic&quot;,&quot;stretch_section&quot;:&quot;section-stretched&quot;}\">\n\t\t\t\t\t\t\t<div class=\"elementor-background-overlay\"><\/div>\n\t\t\t\t\t\t\t<div class=\"elementor-container elementor-column-gap-no\">\n\t\t\t\t\t<div class=\"elementor-column elementor-col-100 elementor-top-column elementor-element elementor-element-b45a6cc\" data-id=\"b45a6cc\" data-element_type=\"column\">\n\t\t\t<div class=\"elementor-widget-wrap elementor-element-populated\">\n\t\t\t\t\t\t\t\t<section class=\"elementor-section elementor-inner-section elementor-element elementor-element-b458a0a elementor-section-full_width elementor-section-height-default elementor-section-height-default\" data-id=\"b458a0a\" data-element_type=\"section\">\n\t\t\t\t\t\t<div class=\"elementor-container elementor-column-gap-default\">\n\t\t\t\t\t<div class=\"elementor-column elementor-col-100 elementor-inner-column elementor-element elementor-element-95bfc2d\" data-id=\"95bfc2d\" data-element_type=\"column\">\n\t\t\t<div class=\"elementor-widget-wrap elementor-element-populated\">\n\t\t\t\t\t\t\t\t<div class=\"elementor-element elementor-element-3bbebd4c elementor-widget elementor-widget-shortcode\" data-id=\"3bbebd4c\" data-element_type=\"widget\" data-widget_type=\"shortcode.default\">\n\t\t\t\t<div class=\"elementor-widget-container\">\n\t\t\t\t\t<div class=\"elementor-shortcode\"><div id=\"zbs-main\" class=\"alignwide zbs-site-main\">\n\t<div class=\"zbs-client-portal-wrap main site-main zbs-post zbs-hentry\">\n\n<div class=\"container zbs-portal-login\" style=\"margin-top:20px;text-align:center;\"><h2>Welcome to your Client Portal<\/h2>\n<p>Please login to your Client Portal to be able to view your documents<\/p>\n<div class=\"login-form\">\n<form name=\"loginform\" id=\"loginform\" action=\"https:\/\/nktec.es\/wp-login.php\" method=\"post\"><p class=\"login-username\">\n\t\t\t\t<label for=\"user_login\">Email Address<\/label>\n\t\t\t\t<input type=\"text\" name=\"log\" id=\"user_login\" autocomplete=\"username\" class=\"input\" value=\"\" size=\"20\" \/>\n\t\t\t<\/p><p class=\"login-password\">\n\t\t\t\t<label for=\"user_pass\">Password<\/label>\n\t\t\t\t<input type=\"password\" name=\"pwd\" id=\"user_pass\" autocomplete=\"current-password\" spellcheck=\"false\" class=\"input\" value=\"\" size=\"20\" \/>\n\t\t\t<\/p><p class=\"login-remember\"><label><input name=\"rememberme\" type=\"checkbox\" id=\"rememberme\" value=\"forever\" \/> Remember Me<\/label><\/p><p class=\"login-submit\">\n\t\t\t\t<input type=\"submit\" name=\"wp-submit\" id=\"wp-submit\" class=\"button button-primary\" value=\"Log In\" \/>\n\t\t\t\t<input type=\"hidden\" name=\"redirect_to\" value=\"https:\/\/nktec.es\/en\/portal-clientes\/\" \/>\n\t\t\t<\/p><input type=\"hidden\" name=\"fromzbslogin\" value=\"1\" \/><\/form><a href=\"https:\/\/nktec.es\/wp-login.php?action=lostpassword&#038;redirect_to=https%3A%2F%2Fnktec.es%2Fen%2Fportal-clientes%2F\" alt=\"Lost Password\">Lost Password<\/a>\n<\/div>\n<\/div>\t\n\t<\/div>\n\n<\/div><\/div>\n\t\t\t\t<\/div>\n\t\t\t\t<\/div>\n\t\t\t\t\t<\/div>\n\t\t<\/div>\n\t\t\t\t\t\t\t<\/div>\n\t\t<\/section>\n\t\t\t\t\t<\/div>\n\t\t<\/div>\n\t\t\t\t\t\t\t<\/div>\n\t\t<\/section>\n\t\t\t\t<section class=\"elementor-section elementor-top-section elementor-element elementor-element-616368d elementor-section-full_width elementor-section-height-default elementor-section-height-default\" data-id=\"616368d\" data-element_type=\"section\">\n\t\t\t\t\t\t<div class=\"elementor-container elementor-column-gap-no\">\n\t\t\t\t\t<div class=\"elementor-column elementor-col-100 elementor-top-column elementor-element elementor-element-d7fb22d\" data-id=\"d7fb22d\" data-element_type=\"column\">\n\t\t\t<div class=\"elementor-widget-wrap\">\n\t\t\t\t\t\t\t\t\t<\/div>\n\t\t<\/div>\n\t\t\t\t\t\t\t<\/div>\n\t\t<\/section>\n\t\t\t\t\t\t\t<\/div>","protected":false},"excerpt":{"rendered":"","protected":false},"author":1,"featured_media":0,"parent":0,"menu_order":0,"comment_status":"closed","ping_status":"closed","template":"elementor_header_footer","meta":{"site-sidebar-layout":"default","site-content-layout":"default","ast-global-header-display":"","ast-main-header-display":"","ast-hfb-above-header-display":"","ast-hfb-below-header-display":"","ast-hfb-mobile-header-display":"","site-post-title":"disabled","ast-breadcrumbs-content":"","ast-featured-img":"","footer-sml-layout":"","theme-transparent-header-meta":"","adv-header-id-meta":"","stick-header-meta":"","header-above-stick-meta":"","header-main-stick-meta":"","header-below-stick-meta":"","footnotes":""},"class_list":["post-699","page","type-page","status-publish","hentry"],"yoast_head":"<!-- This site is optimized with the Yoast SEO plugin v21.5 - https:\/\/yoast.com\/wordpress\/plugins\/seo\/ -->\n<title>Portal de clientes - NKtec<\/title>\n<meta name=\"robots\" content=\"index, follow, max-snippet:-1, max-image-preview:large, max-video-preview:-1\" \/>\n<link rel=\"canonical\" href=\"https:\/\/nktec.es\/en\/portal-clientes\/\" \/>\n<meta property=\"og:locale\" content=\"en_GB\" \/>\n<meta property=\"og:type\" content=\"article\" \/>\n<meta property=\"og:title\" content=\"Portal de clientes - NKtec\" \/>\n<meta property=\"og:url\" content=\"https:\/\/nktec.es\/en\/portal-clientes\/\" \/>\n<meta property=\"og:site_name\" content=\"NKtec\" \/>\n<meta property=\"article:modified_time\" content=\"2023-02-17T11:43:30+00:00\" \/>\n<meta name=\"twitter:card\" content=\"summary_large_image\" \/>\n<meta name=\"twitter:site\" content=\"@NKtec_Sevilla\" \/>\n<script type=\"application\/ld+json\" class=\"yoast-schema-graph\">{\"@context\":\"https:\/\/schema.org\",\"@graph\":[{\"@type\":\"WebPage\",\"@id\":\"https:\/\/nktec.es\/portal-clientes\/\",\"url\":\"https:\/\/nktec.es\/portal-clientes\/\",\"name\":\"Portal de clientes - NKtec\",\"isPartOf\":{\"@id\":\"https:\/\/nktec.es\/#website\"},\"datePublished\":\"2022-10-07T11:07:10+00:00\",\"dateModified\":\"2023-02-17T11:43:30+00:00\",\"breadcrumb\":{\"@id\":\"https:\/\/nktec.es\/portal-clientes\/#breadcrumb\"},\"inLanguage\":\"en-GB\",\"potentialAction\":[{\"@type\":\"ReadAction\",\"target\":[\"https:\/\/nktec.es\/portal-clientes\/\"]}]},{\"@type\":\"BreadcrumbList\",\"@id\":\"https:\/\/nktec.es\/portal-clientes\/#breadcrumb\",\"itemListElement\":[{\"@type\":\"ListItem\",\"position\":1,\"name\":\"Portada\",\"item\":\"https:\/\/nktec.es\/\"},{\"@type\":\"ListItem\",\"position\":2,\"name\":\"Portal de clientes\"}]},{\"@type\":\"WebSite\",\"@id\":\"https:\/\/nktec.es\/#website\",\"url\":\"https:\/\/nktec.es\/\",\"name\":\"NKtec\",\"description\":\"NKtec soluciones Inform\u00e1ticas y de Telecomunicaciones\",\"publisher\":{\"@id\":\"https:\/\/nktec.es\/#organization\"},\"potentialAction\":[{\"@type\":\"SearchAction\",\"target\":{\"@type\":\"EntryPoint\",\"urlTemplate\":\"https:\/\/nktec.es\/?s={search_term_string}\"},\"query-input\":\"required name=search_term_string\"}],\"inLanguage\":\"en-GB\"},{\"@type\":\"Organization\",\"@id\":\"https:\/\/nktec.es\/#organization\",\"name\":\"NKtec\",\"url\":\"https:\/\/nktec.es\/\",\"logo\":{\"@type\":\"ImageObject\",\"inLanguage\":\"en-GB\",\"@id\":\"https:\/\/nktec.es\/#\/schema\/logo\/image\/\",\"url\":\"https:\/\/i0.wp.com\/nktec.es\/wp-content\/uploads\/2022\/11\/logo-redondo-4K-transp.png?fit=708%2C714&ssl=1\",\"contentUrl\":\"https:\/\/i0.wp.com\/nktec.es\/wp-content\/uploads\/2022\/11\/logo-redondo-4K-transp.png?fit=708%2C714&ssl=1\",\"width\":708,\"height\":714,\"caption\":\"NKtec\"},\"image\":{\"@id\":\"https:\/\/nktec.es\/#\/schema\/logo\/image\/\"},\"sameAs\":[\"https:\/\/twitter.com\/NKtec_Sevilla\"]}]}<\/script>\n<!-- \/ Yoast SEO plugin. -->","yoast_head_json":{"title":"Portal de clientes - NKtec","robots":{"index":"index","follow":"follow","max-snippet":"max-snippet:-1","max-image-preview":"max-image-preview:large","max-video-preview":"max-video-preview:-1"},"canonical":"https:\/\/nktec.es\/en\/portal-clientes\/","og_locale":"en_GB","og_type":"article","og_title":"Portal de clientes - NKtec","og_url":"https:\/\/nktec.es\/en\/portal-clientes\/","og_site_name":"NKtec","article_modified_time":"2023-02-17T11:43:30+00:00","twitter_card":"summary_large_image","twitter_site":"@NKtec_Sevilla","schema":{"@context":"https:\/\/schema.org","@graph":[{"@type":"WebPage","@id":"https:\/\/nktec.es\/portal-clientes\/","url":"https:\/\/nktec.es\/portal-clientes\/","name":"Portal de clientes - NKtec","isPartOf":{"@id":"https:\/\/nktec.es\/#website"},"datePublished":"2022-10-07T11:07:10+00:00","dateModified":"2023-02-17T11:43:30+00:00","breadcrumb":{"@id":"https:\/\/nktec.es\/portal-clientes\/#breadcrumb"},"inLanguage":"en-GB","potentialAction":[{"@type":"ReadAction","target":["https:\/\/nktec.es\/portal-clientes\/"]}]},{"@type":"BreadcrumbList","@id":"https:\/\/nktec.es\/portal-clientes\/#breadcrumb","itemListElement":[{"@type":"ListItem","position":1,"name":"Portada","item":"https:\/\/nktec.es\/"},{"@type":"ListItem","position":2,"name":"Portal de clientes"}]},{"@type":"WebSite","@id":"https:\/\/nktec.es\/#website","url":"https:\/\/nktec.es\/","name":"NKtec","description":"NKtec soluciones Inform\u00e1ticas y de Telecomunicaciones","publisher":{"@id":"https:\/\/nktec.es\/#organization"},"potentialAction":[{"@type":"SearchAction","target":{"@type":"EntryPoint","urlTemplate":"https:\/\/nktec.es\/?s={search_term_string}"},"query-input":"required name=search_term_string"}],"inLanguage":"en-GB"},{"@type":"Organization","@id":"https:\/\/nktec.es\/#organization","name":"NKtec","url":"https:\/\/nktec.es\/","logo":{"@type":"ImageObject","inLanguage":"en-GB","@id":"https:\/\/nktec.es\/#\/schema\/logo\/image\/","url":"https:\/\/i0.wp.com\/nktec.es\/wp-content\/uploads\/2022\/11\/logo-redondo-4K-transp.png?fit=708%2C714&ssl=1","contentUrl":"https:\/\/i0.wp.com\/nktec.es\/wp-content\/uploads\/2022\/11\/logo-redondo-4K-transp.png?fit=708%2C714&ssl=1","width":708,"height":714,"caption":"NKtec"},"image":{"@id":"https:\/\/nktec.es\/#\/schema\/logo\/image\/"},"sameAs":["https:\/\/twitter.com\/NKtec_Sevilla"]}]}},"jetpack_sharing_enabled":true,"jetpack-related-posts":[{"id":393,"url":"https:\/\/nktec.es\/en\/","url_meta":{"origin":699,"position":0},"title":"Inicio","author":"Pichardo","date":"03\/05\/2021","format":false,"excerpt":"T\u00fa gestiona tu negocio,nosotros tu telefon\u00eda En NKTec trabajamos con distintos operadores de telefon\u00eda m\u00f3vil, lo que nos permite ser muy competitivos en el sector de las telecomunicaciones.Nuestros servicios profesionales te permitir\u00e1n enfocarte en tu negocio mientras nosotros nos ocupamos de tu tecnolog\u00eda.\u00bfQuieres saber m\u00e1s? Cont\u00e1ctanos sin compromiso \u00bfEn qu\u00e9\u2026","rel":"","context":"Similar post","block_context":{"text":"Similar post","link":""},"img":{"alt_text":"","src":"https:\/\/i0.wp.com\/nktec.es\/wp-content\/uploads\/2022\/11\/casas-alargado-scaled.jpg?resize=350%2C200&ssl=1","width":350,"height":200,"srcset":"https:\/\/i0.wp.com\/nktec.es\/wp-content\/uploads\/2022\/11\/casas-alargado-scaled.jpg?resize=350%2C200&ssl=1 1x, https:\/\/i0.wp.com\/nktec.es\/wp-content\/uploads\/2022\/11\/casas-alargado-scaled.jpg?resize=525%2C300&ssl=1 1.5x, https:\/\/i0.wp.com\/nktec.es\/wp-content\/uploads\/2022\/11\/casas-alargado-scaled.jpg?resize=700%2C400&ssl=1 2x, https:\/\/i0.wp.com\/nktec.es\/wp-content\/uploads\/2022\/11\/casas-alargado-scaled.jpg?resize=1050%2C600&ssl=1 3x, https:\/\/i0.wp.com\/nktec.es\/wp-content\/uploads\/2022\/11\/casas-alargado-scaled.jpg?resize=1400%2C800&ssl=1 4x"},"classes":[]},{"id":113,"url":"https:\/\/nktec.es\/en\/quienes-somos\/","url_meta":{"origin":699,"position":1},"title":"\u00bfQui\u00e9nes somos?","author":"Pichardo","date":"03\/05\/2021","format":false,"excerpt":"Equipo NKtec Rafael Rodr\u00edguez Responsable Comercial Rafael Rodr\u00edguez aglutina m\u00e1s de 15 a\u00f1os en el sector de las telecomunicaciones. Comenz\u00f3 su periplo como fidelizador de Orange Empresas, dando servicio de asesoramiento y postventa a PYMES y aut\u00f3nomos. Posteriormente se estableci\u00f3 como freelance, fundando finalmente NKtec, para poder satisfacer las necesidades\u2026","rel":"","context":"Similar post","block_context":{"text":"Similar post","link":""},"img":{"alt_text":"","src":"https:\/\/i0.wp.com\/nktec.es\/wp-content\/uploads\/2022\/11\/pimiento-transp-300x295.png?resize=350%2C200&ssl=1","width":350,"height":200},"classes":[]},{"id":112,"url":"https:\/\/nktec.es\/en\/servicios\/","url_meta":{"origin":699,"position":2},"title":"Servicios","author":"Pichardo","date":"03\/05\/2021","format":false,"excerpt":"Servicios Telecomunicaciones En NKtec queremos ser tu proveedor \u00fanico de comunicaciones. Ofrecemos una auditor\u00eda completa de los gastos en servicios de comunicaci\u00f3n, garantizando un ahorro en la factura y un servicio de gesti\u00f3n integral.\u00a0En NKtec trabajamos con varios operadores de servicios de telecomunicaciones, fibra y telefon\u00eda m\u00f3vil:Te llamaremos y con\u2026","rel":"","context":"Similar post","block_context":{"text":"Similar post","link":""},"img":{"alt_text":"","src":"https:\/\/i0.wp.com\/nktec.es\/wp-content\/uploads\/2022\/11\/pexels-z-z-6200343-768x461.jpg?resize=350%2C200&ssl=1","width":350,"height":200,"srcset":"https:\/\/i0.wp.com\/nktec.es\/wp-content\/uploads\/2022\/11\/pexels-z-z-6200343-768x461.jpg?resize=350%2C200&ssl=1 1x, https:\/\/i0.wp.com\/nktec.es\/wp-content\/uploads\/2022\/11\/pexels-z-z-6200343-768x461.jpg?resize=525%2C300&ssl=1 1.5x, https:\/\/i0.wp.com\/nktec.es\/wp-content\/uploads\/2022\/11\/pexels-z-z-6200343-768x461.jpg?resize=700%2C400&ssl=1 2x"},"classes":[]}],"_links":{"self":[{"href":"https:\/\/nktec.es\/en\/wp-json\/wp\/v2\/pages\/699","targetHints":{"allow":["GET"]}}],"collection":[{"href":"https:\/\/nktec.es\/en\/wp-json\/wp\/v2\/pages"}],"about":[{"href":"https:\/\/nktec.es\/en\/wp-json\/wp\/v2\/types\/page"}],"author":[{"embeddable":true,"href":"https:\/\/nktec.es\/en\/wp-json\/wp\/v2\/users\/1"}],"replies":[{"embeddable":true,"href":"https:\/\/nktec.es\/en\/wp-json\/wp\/v2\/comments?post=699"}],"version-history":[{"count":106,"href":"https:\/\/nktec.es\/en\/wp-json\/wp\/v2\/pages\/699\/revisions"}],"predecessor-version":[{"id":1528,"href":"https:\/\/nktec.es\/en\/wp-json\/wp\/v2\/pages\/699\/revisions\/1528"}],"wp:attachment":[{"href":"https:\/\/nktec.es\/en\/wp-json\/wp\/v2\/media?parent=699"}],"curies":[{"name":"wp","href":"https:\/\/api.w.org\/{rel}","templated":true}]}}